{"id":2180,"date":"2021-08-06T12:08:54","date_gmt":"2021-08-06T10:08:54","guid":{"rendered":"https:\/\/www.jazzmobil.com\/distribuidores-mobil-home-2\/"},"modified":"2022-11-22T13:18:00","modified_gmt":"2022-11-22T11:18:00","slug":"distributeurs-mobil-home-2","status":"publish","type":"page","link":"https:\/\/www.jazzmobil.com\/fr\/distributeurs-mobil-home\/","title":{"rendered":"Nos distributeurs"},"content":{"rendered":"","protected":false},"excerpt":{"rendered":"","protected":false},"author":1,"featured_media":0,"parent":0,"menu_order":0,"comment_status":"closed","ping_status":"closed","template":"","meta":{"footnotes":""},"class_list":["post-2180","page","type-page","status-publish","hentry"],"acf":[],"yoast_head":"<!-- This site is optimized with the Yoast SEO plugin v21.8.1 - https:\/\/yoast.com\/wordpress\/plugins\/seo\/ -->\n<title>Distributeurs de mobil-homes. - Jazz Mobil<\/title>\n<meta name=\"description\" content=\"Jazz Mobil dispose d&#039;un large r\u00e9seau sp\u00e9cialis\u00e9 dans les distributeurs de mobil-homes. Ils vous donneront les meilleurs conseils.\" \/>\n<meta name=\"robots\" content=\"index, follow, max-snippet:-1, max-image-preview:large, max-video-preview:-1\" \/>\n<link rel=\"canonical\" href=\"https:\/\/www.jazzmobil.com\/fr\/distributeurs-mobil-home\/\" \/>\n<meta property=\"og:locale\" content=\"fr_FR\" \/>\n<meta property=\"og:type\" content=\"article\" \/>\n<meta property=\"og:title\" content=\"Distributeurs de mobil-homes. - Jazz Mobil\" \/>\n<meta property=\"og:description\" content=\"Jazz Mobil dispose d&#039;un large r\u00e9seau sp\u00e9cialis\u00e9 dans les distributeurs de mobil-homes. Ils vous donneront les meilleurs conseils.\" \/>\n<meta property=\"og:url\" content=\"https:\/\/www.jazzmobil.com\/fr\/distributeurs-mobil-home\/\" \/>\n<meta property=\"og:site_name\" content=\"Jazz Mobil\" \/>\n<meta property=\"article:modified_time\" content=\"2022-11-22T11:18:00+00:00\" \/>\n<meta name=\"twitter:card\" content=\"summary_large_image\" \/>\n<script type=\"application\/ld+json\" class=\"yoast-schema-graph\">{\"@context\":\"https:\/\/schema.org\",\"@graph\":[{\"@type\":\"WebPage\",\"@id\":\"https:\/\/www.jazzmobil.com\/fr\/distributeurs-mobil-home\/\",\"url\":\"https:\/\/www.jazzmobil.com\/fr\/distributeurs-mobil-home\/\",\"name\":\"Distributeurs de mobil-homes. - Jazz Mobil\",\"isPartOf\":{\"@id\":\"https:\/\/www.jazzmobil.com\/fr\/#website\"},\"datePublished\":\"2021-08-06T10:08:54+00:00\",\"dateModified\":\"2022-11-22T11:18:00+00:00\",\"description\":\"Jazz Mobil dispose d'un large r\u00e9seau sp\u00e9cialis\u00e9 dans les distributeurs de mobil-homes. Ils vous donneront les meilleurs conseils.\",\"breadcrumb\":{\"@id\":\"https:\/\/www.jazzmobil.com\/fr\/distributeurs-mobil-home\/#breadcrumb\"},\"inLanguage\":\"fr-FR\",\"potentialAction\":[{\"@type\":\"ReadAction\",\"target\":[\"https:\/\/www.jazzmobil.com\/fr\/distributeurs-mobil-home\/\"]}]},{\"@type\":\"BreadcrumbList\",\"@id\":\"https:\/\/www.jazzmobil.com\/fr\/distributeurs-mobil-home\/#breadcrumb\",\"itemListElement\":[{\"@type\":\"ListItem\",\"position\":1,\"name\":\"Inici\",\"item\":\"https:\/\/www.jazzmobil.com\/fr\/\"},{\"@type\":\"ListItem\",\"position\":2,\"name\":\"Nos distributeurs\"}]},{\"@type\":\"WebSite\",\"@id\":\"https:\/\/www.jazzmobil.com\/fr\/#website\",\"url\":\"https:\/\/www.jazzmobil.com\/fr\/\",\"name\":\"Jazz Mobil\",\"description\":\"Un altre lloc gestionat amb el WordPress\",\"potentialAction\":[{\"@type\":\"SearchAction\",\"target\":{\"@type\":\"EntryPoint\",\"urlTemplate\":\"https:\/\/www.jazzmobil.com\/fr\/?s={search_term_string}\"},\"query-input\":\"required name=search_term_string\"}],\"inLanguage\":\"fr-FR\"}]}<\/script>\n<!-- \/ Yoast SEO plugin. -->","yoast_head_json":{"title":"Distributeurs de mobil-homes. - Jazz Mobil","description":"Jazz Mobil dispose d'un large r\u00e9seau sp\u00e9cialis\u00e9 dans les distributeurs de mobil-homes. Ils vous donneront les meilleurs conseils.","robots":{"index":"index","follow":"follow","max-snippet":"max-snippet:-1","max-image-preview":"max-image-preview:large","max-video-preview":"max-video-preview:-1"},"canonical":"https:\/\/www.jazzmobil.com\/fr\/distributeurs-mobil-home\/","og_locale":"fr_FR","og_type":"article","og_title":"Distributeurs de mobil-homes. - Jazz Mobil","og_description":"Jazz Mobil dispose d'un large r\u00e9seau sp\u00e9cialis\u00e9 dans les distributeurs de mobil-homes. Ils vous donneront les meilleurs conseils.","og_url":"https:\/\/www.jazzmobil.com\/fr\/distributeurs-mobil-home\/","og_site_name":"Jazz Mobil","article_modified_time":"2022-11-22T11:18:00+00:00","twitter_card":"summary_large_image","schema":{"@context":"https:\/\/schema.org","@graph":[{"@type":"WebPage","@id":"https:\/\/www.jazzmobil.com\/fr\/distributeurs-mobil-home\/","url":"https:\/\/www.jazzmobil.com\/fr\/distributeurs-mobil-home\/","name":"Distributeurs de mobil-homes. - Jazz Mobil","isPartOf":{"@id":"https:\/\/www.jazzmobil.com\/fr\/#website"},"datePublished":"2021-08-06T10:08:54+00:00","dateModified":"2022-11-22T11:18:00+00:00","description":"Jazz Mobil dispose d'un large r\u00e9seau sp\u00e9cialis\u00e9 dans les distributeurs de mobil-homes. Ils vous donneront les meilleurs conseils.","breadcrumb":{"@id":"https:\/\/www.jazzmobil.com\/fr\/distributeurs-mobil-home\/#breadcrumb"},"inLanguage":"fr-FR","potentialAction":[{"@type":"ReadAction","target":["https:\/\/www.jazzmobil.com\/fr\/distributeurs-mobil-home\/"]}]},{"@type":"BreadcrumbList","@id":"https:\/\/www.jazzmobil.com\/fr\/distributeurs-mobil-home\/#breadcrumb","itemListElement":[{"@type":"ListItem","position":1,"name":"Inici","item":"https:\/\/www.jazzmobil.com\/fr\/"},{"@type":"ListItem","position":2,"name":"Nos distributeurs"}]},{"@type":"WebSite","@id":"https:\/\/www.jazzmobil.com\/fr\/#website","url":"https:\/\/www.jazzmobil.com\/fr\/","name":"Jazz Mobil","description":"Un altre lloc gestionat amb el WordPress","potentialAction":[{"@type":"SearchAction","target":{"@type":"EntryPoint","urlTemplate":"https:\/\/www.jazzmobil.com\/fr\/?s={search_term_string}"},"query-input":"required name=search_term_string"}],"inLanguage":"fr-FR"}]}},"_links":{"self":[{"href":"https:\/\/www.jazzmobil.com\/fr\/wp-json\/wp\/v2\/pages\/2180","targetHints":{"allow":["GET"]}}],"collection":[{"href":"https:\/\/www.jazzmobil.com\/fr\/wp-json\/wp\/v2\/pages"}],"about":[{"href":"https:\/\/www.jazzmobil.com\/fr\/wp-json\/wp\/v2\/types\/page"}],"author":[{"embeddable":true,"href":"https:\/\/www.jazzmobil.com\/fr\/wp-json\/wp\/v2\/users\/1"}],"replies":[{"embeddable":true,"href":"https:\/\/www.jazzmobil.com\/fr\/wp-json\/wp\/v2\/comments?post=2180"}],"version-history":[{"count":2,"href":"https:\/\/www.jazzmobil.com\/fr\/wp-json\/wp\/v2\/pages\/2180\/revisions"}],"predecessor-version":[{"id":2191,"href":"https:\/\/www.jazzmobil.com\/fr\/wp-json\/wp\/v2\/pages\/2180\/revisions\/2191"}],"wp:attachment":[{"href":"https:\/\/www.jazzmobil.com\/fr\/wp-json\/wp\/v2\/media?parent=2180"}],"curies":[{"name":"wp","href":"https:\/\/api.w.org\/{rel}","templated":true}]}}