{"id":1212,"date":"2021-09-08T12:29:34","date_gmt":"2021-09-08T10:29:34","guid":{"rendered":"https:\/\/www.jazzmobil.com\/mobil-home\/mobil-home-gama-asia\/"},"modified":"2021-11-23T13:28:46","modified_gmt":"2021-11-23T11:28:46","slug":"mobil-home-gamme-asie","status":"publish","type":"page","link":"https:\/\/www.jazzmobil.com\/fr\/mobil-home-gamme-asie\/","title":{"rendered":"Gamme Asie"},"content":{"rendered":"","protected":false},"excerpt":{"rendered":"","protected":false},"author":1,"featured_media":0,"parent":1125,"menu_order":0,"comment_status":"closed","ping_status":"closed","template":"","meta":{"footnotes":""},"class_list":["post-1212","page","type-page","status-publish","hentry"],"acf":[],"yoast_head":"<!-- This site is optimized with the Yoast SEO plugin v21.8.1 - https:\/\/yoast.com\/wordpress\/plugins\/seo\/ -->\n<title>Gamme Asie Mobil Homes | Sophistiqu\u00e9 et avec de la douce - Jazz Mobil<\/title>\n<meta name=\"description\" content=\"Notre gamme Asie de Mobil Homes est raffin\u00e9e, douce, mais avec de la personnalit\u00e9, qui v\u00e9hicule cette harmonie tant d\u00e9sir\u00e9e.\" \/>\n<meta name=\"robots\" content=\"index, follow, max-snippet:-1, max-image-preview:large, max-video-preview:-1\" \/>\n<link rel=\"canonical\" href=\"https:\/\/www.jazzmobil.com\/fr\/mobil-home-gamme-asie\/\" \/>\n<meta property=\"og:locale\" content=\"fr_FR\" \/>\n<meta property=\"og:type\" content=\"article\" \/>\n<meta property=\"og:title\" content=\"Gamme Asie Mobil Homes | Sophistiqu\u00e9 et avec de la douce - Jazz Mobil\" \/>\n<meta property=\"og:description\" content=\"Notre gamme Asie de Mobil Homes est raffin\u00e9e, douce, mais avec de la personnalit\u00e9, qui v\u00e9hicule cette harmonie tant d\u00e9sir\u00e9e.\" \/>\n<meta property=\"og:url\" content=\"https:\/\/www.jazzmobil.com\/fr\/mobil-home-gamme-asie\/\" \/>\n<meta property=\"og:site_name\" content=\"Jazz Mobil\" \/>\n<meta property=\"article:modified_time\" content=\"2021-11-23T11:28:46+00:00\" \/>\n<meta name=\"twitter:card\" content=\"summary_large_image\" \/>\n<script type=\"application\/ld+json\" class=\"yoast-schema-graph\">{\"@context\":\"https:\/\/schema.org\",\"@graph\":[{\"@type\":\"WebPage\",\"@id\":\"https:\/\/www.jazzmobil.com\/fr\/mobil-home-gamme-asie\/\",\"url\":\"https:\/\/www.jazzmobil.com\/fr\/mobil-home-gamme-asie\/\",\"name\":\"Gamme Asie Mobil Homes | Sophistiqu\u00e9 et avec de la douce - Jazz Mobil\",\"isPartOf\":{\"@id\":\"https:\/\/www.jazzmobil.com\/fr\/#website\"},\"datePublished\":\"2021-09-08T10:29:34+00:00\",\"dateModified\":\"2021-11-23T11:28:46+00:00\",\"description\":\"Notre gamme Asie de Mobil Homes est raffin\u00e9e, douce, mais avec de la personnalit\u00e9, qui v\u00e9hicule cette harmonie tant d\u00e9sir\u00e9e.\",\"breadcrumb\":{\"@id\":\"https:\/\/www.jazzmobil.com\/fr\/mobil-home-gamme-asie\/#breadcrumb\"},\"inLanguage\":\"fr-FR\",\"potentialAction\":[{\"@type\":\"ReadAction\",\"target\":[\"https:\/\/www.jazzmobil.com\/fr\/mobil-home-gamme-asie\/\"]}]},{\"@type\":\"BreadcrumbList\",\"@id\":\"https:\/\/www.jazzmobil.com\/fr\/mobil-home-gamme-asie\/#breadcrumb\",\"itemListElement\":[{\"@type\":\"ListItem\",\"position\":1,\"name\":\"Inici\",\"item\":\"https:\/\/www.jazzmobil.com\/fr\/\"},{\"@type\":\"ListItem\",\"position\":2,\"name\":\"Mobil-home\",\"item\":\"https:\/\/www.jazzmobil.com\/fr\/mobil-home\/\"},{\"@type\":\"ListItem\",\"position\":3,\"name\":\"Gamme Asie\"}]},{\"@type\":\"WebSite\",\"@id\":\"https:\/\/www.jazzmobil.com\/fr\/#website\",\"url\":\"https:\/\/www.jazzmobil.com\/fr\/\",\"name\":\"Jazz Mobil\",\"description\":\"Un altre lloc gestionat amb el WordPress\",\"potentialAction\":[{\"@type\":\"SearchAction\",\"target\":{\"@type\":\"EntryPoint\",\"urlTemplate\":\"https:\/\/www.jazzmobil.com\/fr\/?s={search_term_string}\"},\"query-input\":\"required name=search_term_string\"}],\"inLanguage\":\"fr-FR\"}]}<\/script>\n<!-- \/ Yoast SEO plugin. -->","yoast_head_json":{"title":"Gamme Asie Mobil Homes | Sophistiqu\u00e9 et avec de la douce - Jazz Mobil","description":"Notre gamme Asie de Mobil Homes est raffin\u00e9e, douce, mais avec de la personnalit\u00e9, qui v\u00e9hicule cette harmonie tant d\u00e9sir\u00e9e.","robots":{"index":"index","follow":"follow","max-snippet":"max-snippet:-1","max-image-preview":"max-image-preview:large","max-video-preview":"max-video-preview:-1"},"canonical":"https:\/\/www.jazzmobil.com\/fr\/mobil-home-gamme-asie\/","og_locale":"fr_FR","og_type":"article","og_title":"Gamme Asie Mobil Homes | Sophistiqu\u00e9 et avec de la douce - Jazz Mobil","og_description":"Notre gamme Asie de Mobil Homes est raffin\u00e9e, douce, mais avec de la personnalit\u00e9, qui v\u00e9hicule cette harmonie tant d\u00e9sir\u00e9e.","og_url":"https:\/\/www.jazzmobil.com\/fr\/mobil-home-gamme-asie\/","og_site_name":"Jazz Mobil","article_modified_time":"2021-11-23T11:28:46+00:00","twitter_card":"summary_large_image","schema":{"@context":"https:\/\/schema.org","@graph":[{"@type":"WebPage","@id":"https:\/\/www.jazzmobil.com\/fr\/mobil-home-gamme-asie\/","url":"https:\/\/www.jazzmobil.com\/fr\/mobil-home-gamme-asie\/","name":"Gamme Asie Mobil Homes | Sophistiqu\u00e9 et avec de la douce - Jazz Mobil","isPartOf":{"@id":"https:\/\/www.jazzmobil.com\/fr\/#website"},"datePublished":"2021-09-08T10:29:34+00:00","dateModified":"2021-11-23T11:28:46+00:00","description":"Notre gamme Asie de Mobil Homes est raffin\u00e9e, douce, mais avec de la personnalit\u00e9, qui v\u00e9hicule cette harmonie tant d\u00e9sir\u00e9e.","breadcrumb":{"@id":"https:\/\/www.jazzmobil.com\/fr\/mobil-home-gamme-asie\/#breadcrumb"},"inLanguage":"fr-FR","potentialAction":[{"@type":"ReadAction","target":["https:\/\/www.jazzmobil.com\/fr\/mobil-home-gamme-asie\/"]}]},{"@type":"BreadcrumbList","@id":"https:\/\/www.jazzmobil.com\/fr\/mobil-home-gamme-asie\/#breadcrumb","itemListElement":[{"@type":"ListItem","position":1,"name":"Inici","item":"https:\/\/www.jazzmobil.com\/fr\/"},{"@type":"ListItem","position":2,"name":"Mobil-home","item":"https:\/\/www.jazzmobil.com\/fr\/mobil-home\/"},{"@type":"ListItem","position":3,"name":"Gamme Asie"}]},{"@type":"WebSite","@id":"https:\/\/www.jazzmobil.com\/fr\/#website","url":"https:\/\/www.jazzmobil.com\/fr\/","name":"Jazz Mobil","description":"Un altre lloc gestionat amb el WordPress","potentialAction":[{"@type":"SearchAction","target":{"@type":"EntryPoint","urlTemplate":"https:\/\/www.jazzmobil.com\/fr\/?s={search_term_string}"},"query-input":"required name=search_term_string"}],"inLanguage":"fr-FR"}]}},"_links":{"self":[{"href":"https:\/\/www.jazzmobil.com\/fr\/wp-json\/wp\/v2\/pages\/1212","targetHints":{"allow":["GET"]}}],"collection":[{"href":"https:\/\/www.jazzmobil.com\/fr\/wp-json\/wp\/v2\/pages"}],"about":[{"href":"https:\/\/www.jazzmobil.com\/fr\/wp-json\/wp\/v2\/types\/page"}],"author":[{"embeddable":true,"href":"https:\/\/www.jazzmobil.com\/fr\/wp-json\/wp\/v2\/users\/1"}],"replies":[{"embeddable":true,"href":"https:\/\/www.jazzmobil.com\/fr\/wp-json\/wp\/v2\/comments?post=1212"}],"version-history":[{"count":4,"href":"https:\/\/www.jazzmobil.com\/fr\/wp-json\/wp\/v2\/pages\/1212\/revisions"}],"predecessor-version":[{"id":1720,"href":"https:\/\/www.jazzmobil.com\/fr\/wp-json\/wp\/v2\/pages\/1212\/revisions\/1720"}],"up":[{"embeddable":true,"href":"https:\/\/www.jazzmobil.com\/fr\/wp-json\/wp\/v2\/pages\/1125"}],"wp:attachment":[{"href":"https:\/\/www.jazzmobil.com\/fr\/wp-json\/wp\/v2\/media?parent=1212"}],"curies":[{"name":"wp","href":"https:\/\/api.w.org\/{rel}","templated":true}]}}