{"id":1128,"date":"2021-10-11T12:08:33","date_gmt":"2021-10-11T10:08:33","guid":{"rendered":"https:\/\/www.jazzmobil.com\/casas-prefabricadas-personalizadas\/"},"modified":"2021-11-04T17:37:09","modified_gmt":"2021-11-04T15:37:09","slug":"maisons-sur-mesure","status":"publish","type":"page","link":"https:\/\/www.jazzmobil.com\/fr\/maisons-sur-mesure\/","title":{"rendered":"Autres constructions"},"content":{"rendered":"","protected":false},"excerpt":{"rendered":"","protected":false},"author":1,"featured_media":0,"parent":0,"menu_order":0,"comment_status":"closed","ping_status":"closed","template":"","meta":{"footnotes":""},"class_list":["post-1128","page","type-page","status-publish","hentry"],"acf":[],"yoast_head":"<!-- This site is optimized with the Yoast SEO plugin v21.8.1 - https:\/\/yoast.com\/wordpress\/plugins\/seo\/ -->\n<title>Maisons pr\u00e9fabriqu\u00e9es sur mesure (Autres constructions) - Jazz Mobil<\/title>\n<meta name=\"description\" content=\"Gr\u00e2ce \u00e0 notre exp\u00e9rience acquise apr\u00e8s de nombreuses ann\u00e9es consacr\u00e9es \u00e0 la fabrication de mobil-homes, de maisons pr\u00e9fabriqu\u00e9es sur mesure..\" \/>\n<meta name=\"robots\" content=\"index, follow, max-snippet:-1, max-image-preview:large, max-video-preview:-1\" \/>\n<link rel=\"canonical\" href=\"https:\/\/www.jazzmobil.com\/fr\/maisons-sur-mesure\/\" \/>\n<meta property=\"og:locale\" content=\"fr_FR\" \/>\n<meta property=\"og:type\" content=\"article\" \/>\n<meta property=\"og:title\" content=\"Maisons pr\u00e9fabriqu\u00e9es sur mesure (Autres constructions) - Jazz Mobil\" \/>\n<meta property=\"og:description\" content=\"Gr\u00e2ce \u00e0 notre exp\u00e9rience acquise apr\u00e8s de nombreuses ann\u00e9es consacr\u00e9es \u00e0 la fabrication de mobil-homes, de maisons pr\u00e9fabriqu\u00e9es sur mesure..\" \/>\n<meta property=\"og:url\" content=\"https:\/\/www.jazzmobil.com\/fr\/maisons-sur-mesure\/\" \/>\n<meta property=\"og:site_name\" content=\"Jazz Mobil\" \/>\n<meta property=\"article:modified_time\" content=\"2021-11-04T15:37:09+00:00\" \/>\n<meta name=\"twitter:card\" content=\"summary_large_image\" \/>\n<script type=\"application\/ld+json\" class=\"yoast-schema-graph\">{\"@context\":\"https:\/\/schema.org\",\"@graph\":[{\"@type\":\"WebPage\",\"@id\":\"https:\/\/www.jazzmobil.com\/fr\/maisons-sur-mesure\/\",\"url\":\"https:\/\/www.jazzmobil.com\/fr\/maisons-sur-mesure\/\",\"name\":\"Maisons pr\u00e9fabriqu\u00e9es sur mesure (Autres constructions) - Jazz Mobil\",\"isPartOf\":{\"@id\":\"https:\/\/www.jazzmobil.com\/fr\/#website\"},\"datePublished\":\"2021-10-11T10:08:33+00:00\",\"dateModified\":\"2021-11-04T15:37:09+00:00\",\"description\":\"Gr\u00e2ce \u00e0 notre exp\u00e9rience acquise apr\u00e8s de nombreuses ann\u00e9es consacr\u00e9es \u00e0 la fabrication de mobil-homes, de maisons pr\u00e9fabriqu\u00e9es sur mesure..\",\"breadcrumb\":{\"@id\":\"https:\/\/www.jazzmobil.com\/fr\/maisons-sur-mesure\/#breadcrumb\"},\"inLanguage\":\"fr-FR\",\"potentialAction\":[{\"@type\":\"ReadAction\",\"target\":[\"https:\/\/www.jazzmobil.com\/fr\/maisons-sur-mesure\/\"]}]},{\"@type\":\"BreadcrumbList\",\"@id\":\"https:\/\/www.jazzmobil.com\/fr\/maisons-sur-mesure\/#breadcrumb\",\"itemListElement\":[{\"@type\":\"ListItem\",\"position\":1,\"name\":\"Inici\",\"item\":\"https:\/\/www.jazzmobil.com\/fr\/\"},{\"@type\":\"ListItem\",\"position\":2,\"name\":\"Autres constructions\"}]},{\"@type\":\"WebSite\",\"@id\":\"https:\/\/www.jazzmobil.com\/fr\/#website\",\"url\":\"https:\/\/www.jazzmobil.com\/fr\/\",\"name\":\"Jazz Mobil\",\"description\":\"Un altre lloc gestionat amb el WordPress\",\"potentialAction\":[{\"@type\":\"SearchAction\",\"target\":{\"@type\":\"EntryPoint\",\"urlTemplate\":\"https:\/\/www.jazzmobil.com\/fr\/?s={search_term_string}\"},\"query-input\":\"required name=search_term_string\"}],\"inLanguage\":\"fr-FR\"}]}<\/script>\n<!-- \/ Yoast SEO plugin. -->","yoast_head_json":{"title":"Maisons pr\u00e9fabriqu\u00e9es sur mesure (Autres constructions) - Jazz Mobil","description":"Gr\u00e2ce \u00e0 notre exp\u00e9rience acquise apr\u00e8s de nombreuses ann\u00e9es consacr\u00e9es \u00e0 la fabrication de mobil-homes, de maisons pr\u00e9fabriqu\u00e9es sur mesure..","robots":{"index":"index","follow":"follow","max-snippet":"max-snippet:-1","max-image-preview":"max-image-preview:large","max-video-preview":"max-video-preview:-1"},"canonical":"https:\/\/www.jazzmobil.com\/fr\/maisons-sur-mesure\/","og_locale":"fr_FR","og_type":"article","og_title":"Maisons pr\u00e9fabriqu\u00e9es sur mesure (Autres constructions) - Jazz Mobil","og_description":"Gr\u00e2ce \u00e0 notre exp\u00e9rience acquise apr\u00e8s de nombreuses ann\u00e9es consacr\u00e9es \u00e0 la fabrication de mobil-homes, de maisons pr\u00e9fabriqu\u00e9es sur mesure..","og_url":"https:\/\/www.jazzmobil.com\/fr\/maisons-sur-mesure\/","og_site_name":"Jazz Mobil","article_modified_time":"2021-11-04T15:37:09+00:00","twitter_card":"summary_large_image","schema":{"@context":"https:\/\/schema.org","@graph":[{"@type":"WebPage","@id":"https:\/\/www.jazzmobil.com\/fr\/maisons-sur-mesure\/","url":"https:\/\/www.jazzmobil.com\/fr\/maisons-sur-mesure\/","name":"Maisons pr\u00e9fabriqu\u00e9es sur mesure (Autres constructions) - Jazz Mobil","isPartOf":{"@id":"https:\/\/www.jazzmobil.com\/fr\/#website"},"datePublished":"2021-10-11T10:08:33+00:00","dateModified":"2021-11-04T15:37:09+00:00","description":"Gr\u00e2ce \u00e0 notre exp\u00e9rience acquise apr\u00e8s de nombreuses ann\u00e9es consacr\u00e9es \u00e0 la fabrication de mobil-homes, de maisons pr\u00e9fabriqu\u00e9es sur mesure..","breadcrumb":{"@id":"https:\/\/www.jazzmobil.com\/fr\/maisons-sur-mesure\/#breadcrumb"},"inLanguage":"fr-FR","potentialAction":[{"@type":"ReadAction","target":["https:\/\/www.jazzmobil.com\/fr\/maisons-sur-mesure\/"]}]},{"@type":"BreadcrumbList","@id":"https:\/\/www.jazzmobil.com\/fr\/maisons-sur-mesure\/#breadcrumb","itemListElement":[{"@type":"ListItem","position":1,"name":"Inici","item":"https:\/\/www.jazzmobil.com\/fr\/"},{"@type":"ListItem","position":2,"name":"Autres constructions"}]},{"@type":"WebSite","@id":"https:\/\/www.jazzmobil.com\/fr\/#website","url":"https:\/\/www.jazzmobil.com\/fr\/","name":"Jazz Mobil","description":"Un altre lloc gestionat amb el WordPress","potentialAction":[{"@type":"SearchAction","target":{"@type":"EntryPoint","urlTemplate":"https:\/\/www.jazzmobil.com\/fr\/?s={search_term_string}"},"query-input":"required name=search_term_string"}],"inLanguage":"fr-FR"}]}},"_links":{"self":[{"href":"https:\/\/www.jazzmobil.com\/fr\/wp-json\/wp\/v2\/pages\/1128","targetHints":{"allow":["GET"]}}],"collection":[{"href":"https:\/\/www.jazzmobil.com\/fr\/wp-json\/wp\/v2\/pages"}],"about":[{"href":"https:\/\/www.jazzmobil.com\/fr\/wp-json\/wp\/v2\/types\/page"}],"author":[{"embeddable":true,"href":"https:\/\/www.jazzmobil.com\/fr\/wp-json\/wp\/v2\/users\/1"}],"replies":[{"embeddable":true,"href":"https:\/\/www.jazzmobil.com\/fr\/wp-json\/wp\/v2\/comments?post=1128"}],"version-history":[{"count":3,"href":"https:\/\/www.jazzmobil.com\/fr\/wp-json\/wp\/v2\/pages\/1128\/revisions"}],"predecessor-version":[{"id":1603,"href":"https:\/\/www.jazzmobil.com\/fr\/wp-json\/wp\/v2\/pages\/1128\/revisions\/1603"}],"wp:attachment":[{"href":"https:\/\/www.jazzmobil.com\/fr\/wp-json\/wp\/v2\/media?parent=1128"}],"curies":[{"name":"wp","href":"https:\/\/api.w.org\/{rel}","templated":true}]}}