{"id":2179,"date":"2021-08-06T12:08:54","date_gmt":"2021-08-06T10:08:54","guid":{"rendered":"https:\/\/www.jazzmobil.com\/distribuidores-mobil-home-2\/"},"modified":"2022-11-22T13:19:07","modified_gmt":"2022-11-22T11:19:07","slug":"distribuidors-mobil-home-2","status":"publish","type":"page","link":"https:\/\/www.jazzmobil.com\/ca\/distribuidors-mobil-home\/","title":{"rendered":"Distribu\u00efdors"},"content":{"rendered":"","protected":false},"excerpt":{"rendered":"","protected":false},"author":1,"featured_media":0,"parent":0,"menu_order":0,"comment_status":"closed","ping_status":"closed","template":"","meta":{"footnotes":""},"class_list":["post-2179","page","type-page","status-publish","hentry"],"acf":[],"yoast_head":"<!-- This site is optimized with the Yoast SEO plugin v21.8.1 - https:\/\/yoast.com\/wordpress\/plugins\/seo\/ -->\n<title>Distribu\u00efdors de mobil home propers - Jazz Mobil<\/title>\n<meta name=\"description\" content=\"Jazz Mobil disposa d&#039;una \u00e0mplia xarxa especialitzada en distribu\u00efdors de mobil home. Ells us donaran el millor assessorament.\" \/>\n<meta name=\"robots\" content=\"index, follow, max-snippet:-1, max-image-preview:large, max-video-preview:-1\" \/>\n<link rel=\"canonical\" href=\"https:\/\/www.jazzmobil.com\/ca\/distribuidors-mobil-home\/\" \/>\n<meta property=\"og:locale\" content=\"ca_ES\" \/>\n<meta property=\"og:type\" content=\"article\" \/>\n<meta property=\"og:title\" content=\"Distribu\u00efdors de mobil home propers - Jazz Mobil\" \/>\n<meta property=\"og:description\" content=\"Jazz Mobil disposa d&#039;una \u00e0mplia xarxa especialitzada en distribu\u00efdors de mobil home. Ells us donaran el millor assessorament.\" \/>\n<meta property=\"og:url\" content=\"https:\/\/www.jazzmobil.com\/ca\/distribuidors-mobil-home\/\" \/>\n<meta property=\"og:site_name\" content=\"Jazz Mobil\" \/>\n<meta property=\"article:modified_time\" content=\"2022-11-22T11:19:07+00:00\" \/>\n<meta name=\"twitter:card\" content=\"summary_large_image\" \/>\n<script type=\"application\/ld+json\" class=\"yoast-schema-graph\">{\"@context\":\"https:\/\/schema.org\",\"@graph\":[{\"@type\":\"WebPage\",\"@id\":\"https:\/\/www.jazzmobil.com\/ca\/distribuidors-mobil-home\/\",\"url\":\"https:\/\/www.jazzmobil.com\/ca\/distribuidors-mobil-home\/\",\"name\":\"Distribu\u00efdors de mobil home propers - Jazz Mobil\",\"isPartOf\":{\"@id\":\"https:\/\/www.jazzmobil.com\/ca\/#website\"},\"datePublished\":\"2021-08-06T10:08:54+00:00\",\"dateModified\":\"2022-11-22T11:19:07+00:00\",\"description\":\"Jazz Mobil disposa d'una \u00e0mplia xarxa especialitzada en distribu\u00efdors de mobil home. Ells us donaran el millor assessorament.\",\"breadcrumb\":{\"@id\":\"https:\/\/www.jazzmobil.com\/ca\/distribuidors-mobil-home\/#breadcrumb\"},\"inLanguage\":\"ca\",\"potentialAction\":[{\"@type\":\"ReadAction\",\"target\":[\"https:\/\/www.jazzmobil.com\/ca\/distribuidors-mobil-home\/\"]}]},{\"@type\":\"BreadcrumbList\",\"@id\":\"https:\/\/www.jazzmobil.com\/ca\/distribuidors-mobil-home\/#breadcrumb\",\"itemListElement\":[{\"@type\":\"ListItem\",\"position\":1,\"name\":\"Inici\",\"item\":\"https:\/\/www.jazzmobil.com\/ca\/\"},{\"@type\":\"ListItem\",\"position\":2,\"name\":\"Distribu\u00efdors\"}]},{\"@type\":\"WebSite\",\"@id\":\"https:\/\/www.jazzmobil.com\/ca\/#website\",\"url\":\"https:\/\/www.jazzmobil.com\/ca\/\",\"name\":\"Jazz Mobil\",\"description\":\"Un altre lloc gestionat amb el WordPress\",\"potentialAction\":[{\"@type\":\"SearchAction\",\"target\":{\"@type\":\"EntryPoint\",\"urlTemplate\":\"https:\/\/www.jazzmobil.com\/ca\/?s={search_term_string}\"},\"query-input\":\"required name=search_term_string\"}],\"inLanguage\":\"ca\"}]}<\/script>\n<!-- \/ Yoast SEO plugin. -->","yoast_head_json":{"title":"Distribu\u00efdors de mobil home propers - Jazz Mobil","description":"Jazz Mobil disposa d'una \u00e0mplia xarxa especialitzada en distribu\u00efdors de mobil home. Ells us donaran el millor assessorament.","robots":{"index":"index","follow":"follow","max-snippet":"max-snippet:-1","max-image-preview":"max-image-preview:large","max-video-preview":"max-video-preview:-1"},"canonical":"https:\/\/www.jazzmobil.com\/ca\/distribuidors-mobil-home\/","og_locale":"ca_ES","og_type":"article","og_title":"Distribu\u00efdors de mobil home propers - Jazz Mobil","og_description":"Jazz Mobil disposa d'una \u00e0mplia xarxa especialitzada en distribu\u00efdors de mobil home. Ells us donaran el millor assessorament.","og_url":"https:\/\/www.jazzmobil.com\/ca\/distribuidors-mobil-home\/","og_site_name":"Jazz Mobil","article_modified_time":"2022-11-22T11:19:07+00:00","twitter_card":"summary_large_image","schema":{"@context":"https:\/\/schema.org","@graph":[{"@type":"WebPage","@id":"https:\/\/www.jazzmobil.com\/ca\/distribuidors-mobil-home\/","url":"https:\/\/www.jazzmobil.com\/ca\/distribuidors-mobil-home\/","name":"Distribu\u00efdors de mobil home propers - Jazz Mobil","isPartOf":{"@id":"https:\/\/www.jazzmobil.com\/ca\/#website"},"datePublished":"2021-08-06T10:08:54+00:00","dateModified":"2022-11-22T11:19:07+00:00","description":"Jazz Mobil disposa d'una \u00e0mplia xarxa especialitzada en distribu\u00efdors de mobil home. Ells us donaran el millor assessorament.","breadcrumb":{"@id":"https:\/\/www.jazzmobil.com\/ca\/distribuidors-mobil-home\/#breadcrumb"},"inLanguage":"ca","potentialAction":[{"@type":"ReadAction","target":["https:\/\/www.jazzmobil.com\/ca\/distribuidors-mobil-home\/"]}]},{"@type":"BreadcrumbList","@id":"https:\/\/www.jazzmobil.com\/ca\/distribuidors-mobil-home\/#breadcrumb","itemListElement":[{"@type":"ListItem","position":1,"name":"Inici","item":"https:\/\/www.jazzmobil.com\/ca\/"},{"@type":"ListItem","position":2,"name":"Distribu\u00efdors"}]},{"@type":"WebSite","@id":"https:\/\/www.jazzmobil.com\/ca\/#website","url":"https:\/\/www.jazzmobil.com\/ca\/","name":"Jazz Mobil","description":"Un altre lloc gestionat amb el WordPress","potentialAction":[{"@type":"SearchAction","target":{"@type":"EntryPoint","urlTemplate":"https:\/\/www.jazzmobil.com\/ca\/?s={search_term_string}"},"query-input":"required name=search_term_string"}],"inLanguage":"ca"}]}},"_links":{"self":[{"href":"https:\/\/www.jazzmobil.com\/ca\/wp-json\/wp\/v2\/pages\/2179","targetHints":{"allow":["GET"]}}],"collection":[{"href":"https:\/\/www.jazzmobil.com\/ca\/wp-json\/wp\/v2\/pages"}],"about":[{"href":"https:\/\/www.jazzmobil.com\/ca\/wp-json\/wp\/v2\/types\/page"}],"author":[{"embeddable":true,"href":"https:\/\/www.jazzmobil.com\/ca\/wp-json\/wp\/v2\/users\/1"}],"replies":[{"embeddable":true,"href":"https:\/\/www.jazzmobil.com\/ca\/wp-json\/wp\/v2\/comments?post=2179"}],"version-history":[{"count":4,"href":"https:\/\/www.jazzmobil.com\/ca\/wp-json\/wp\/v2\/pages\/2179\/revisions"}],"predecessor-version":[{"id":2189,"href":"https:\/\/www.jazzmobil.com\/ca\/wp-json\/wp\/v2\/pages\/2179\/revisions\/2189"}],"wp:attachment":[{"href":"https:\/\/www.jazzmobil.com\/ca\/wp-json\/wp\/v2\/media?parent=2179"}],"curies":[{"name":"wp","href":"https:\/\/api.w.org\/{rel}","templated":true}]}}