{"id":1272,"date":"2021-08-06T12:08:26","date_gmt":"2021-08-06T10:08:26","guid":{"rendered":"https:\/\/www.jazzmobil.com\/empresa-mobil-homes\/"},"modified":"2021-10-27T12:11:52","modified_gmt":"2021-10-27T10:11:52","slug":"empresa-mobil-homes","status":"publish","type":"page","link":"https:\/\/www.jazzmobil.com\/ca\/empresa-mobil-homes\/","title":{"rendered":"La nostra empresa"},"content":{"rendered":"","protected":false},"excerpt":{"rendered":"","protected":false},"author":1,"featured_media":0,"parent":0,"menu_order":0,"comment_status":"closed","ping_status":"closed","template":"","meta":{"footnotes":""},"class_list":["post-1272","page","type-page","status-publish","hentry"],"acf":[],"yoast_head":"<!-- This site is optimized with the Yoast SEO plugin v21.8.1 - https:\/\/yoast.com\/wordpress\/plugins\/seo\/ -->\n<title>Empresa de mobil homes i cases prefabricades - Jazz Mobil<\/title>\n<meta name=\"description\" content=\"Empresa de mobil homes a Sant Fruit\u00f3s de Bages (Barcelona) amb una \u00e0mplia experi\u00e8ncia de m\u00e9s de 30 anys en la fabricaci\u00f3 d&#039;habitatges m\u00f2bils\" \/>\n<meta name=\"robots\" content=\"index, follow, max-snippet:-1, max-image-preview:large, max-video-preview:-1\" \/>\n<link rel=\"canonical\" href=\"https:\/\/www.jazzmobil.com\/ca\/empresa-mobil-homes\/\" \/>\n<meta property=\"og:locale\" content=\"ca_ES\" \/>\n<meta property=\"og:type\" content=\"article\" \/>\n<meta property=\"og:title\" content=\"Empresa de mobil homes i cases prefabricades - Jazz Mobil\" \/>\n<meta property=\"og:description\" content=\"Empresa de mobil homes a Sant Fruit\u00f3s de Bages (Barcelona) amb una \u00e0mplia experi\u00e8ncia de m\u00e9s de 30 anys en la fabricaci\u00f3 d&#039;habitatges m\u00f2bils\" \/>\n<meta property=\"og:url\" content=\"https:\/\/www.jazzmobil.com\/ca\/empresa-mobil-homes\/\" \/>\n<meta property=\"og:site_name\" content=\"Jazz Mobil\" \/>\n<meta property=\"article:modified_time\" content=\"2021-10-27T10:11:52+00:00\" \/>\n<meta name=\"twitter:card\" content=\"summary_large_image\" \/>\n<script type=\"application\/ld+json\" class=\"yoast-schema-graph\">{\"@context\":\"https:\/\/schema.org\",\"@graph\":[{\"@type\":\"WebPage\",\"@id\":\"https:\/\/www.jazzmobil.com\/ca\/empresa-mobil-homes\/\",\"url\":\"https:\/\/www.jazzmobil.com\/ca\/empresa-mobil-homes\/\",\"name\":\"Empresa de mobil homes i cases prefabricades - Jazz Mobil\",\"isPartOf\":{\"@id\":\"https:\/\/www.jazzmobil.com\/ca\/#website\"},\"datePublished\":\"2021-08-06T10:08:26+00:00\",\"dateModified\":\"2021-10-27T10:11:52+00:00\",\"description\":\"Empresa de mobil homes a Sant Fruit\u00f3s de Bages (Barcelona) amb una \u00e0mplia experi\u00e8ncia de m\u00e9s de 30 anys en la fabricaci\u00f3 d'habitatges m\u00f2bils\",\"breadcrumb\":{\"@id\":\"https:\/\/www.jazzmobil.com\/ca\/empresa-mobil-homes\/#breadcrumb\"},\"inLanguage\":\"ca\",\"potentialAction\":[{\"@type\":\"ReadAction\",\"target\":[\"https:\/\/www.jazzmobil.com\/ca\/empresa-mobil-homes\/\"]}]},{\"@type\":\"BreadcrumbList\",\"@id\":\"https:\/\/www.jazzmobil.com\/ca\/empresa-mobil-homes\/#breadcrumb\",\"itemListElement\":[{\"@type\":\"ListItem\",\"position\":1,\"name\":\"Inici\",\"item\":\"https:\/\/www.jazzmobil.com\/ca\/\"},{\"@type\":\"ListItem\",\"position\":2,\"name\":\"La nostra empresa\"}]},{\"@type\":\"WebSite\",\"@id\":\"https:\/\/www.jazzmobil.com\/ca\/#website\",\"url\":\"https:\/\/www.jazzmobil.com\/ca\/\",\"name\":\"Jazz Mobil\",\"description\":\"Un altre lloc gestionat amb el WordPress\",\"potentialAction\":[{\"@type\":\"SearchAction\",\"target\":{\"@type\":\"EntryPoint\",\"urlTemplate\":\"https:\/\/www.jazzmobil.com\/ca\/?s={search_term_string}\"},\"query-input\":\"required name=search_term_string\"}],\"inLanguage\":\"ca\"}]}<\/script>\n<!-- \/ Yoast SEO plugin. -->","yoast_head_json":{"title":"Empresa de mobil homes i cases prefabricades - Jazz Mobil","description":"Empresa de mobil homes a Sant Fruit\u00f3s de Bages (Barcelona) amb una \u00e0mplia experi\u00e8ncia de m\u00e9s de 30 anys en la fabricaci\u00f3 d'habitatges m\u00f2bils","robots":{"index":"index","follow":"follow","max-snippet":"max-snippet:-1","max-image-preview":"max-image-preview:large","max-video-preview":"max-video-preview:-1"},"canonical":"https:\/\/www.jazzmobil.com\/ca\/empresa-mobil-homes\/","og_locale":"ca_ES","og_type":"article","og_title":"Empresa de mobil homes i cases prefabricades - Jazz Mobil","og_description":"Empresa de mobil homes a Sant Fruit\u00f3s de Bages (Barcelona) amb una \u00e0mplia experi\u00e8ncia de m\u00e9s de 30 anys en la fabricaci\u00f3 d'habitatges m\u00f2bils","og_url":"https:\/\/www.jazzmobil.com\/ca\/empresa-mobil-homes\/","og_site_name":"Jazz Mobil","article_modified_time":"2021-10-27T10:11:52+00:00","twitter_card":"summary_large_image","schema":{"@context":"https:\/\/schema.org","@graph":[{"@type":"WebPage","@id":"https:\/\/www.jazzmobil.com\/ca\/empresa-mobil-homes\/","url":"https:\/\/www.jazzmobil.com\/ca\/empresa-mobil-homes\/","name":"Empresa de mobil homes i cases prefabricades - Jazz Mobil","isPartOf":{"@id":"https:\/\/www.jazzmobil.com\/ca\/#website"},"datePublished":"2021-08-06T10:08:26+00:00","dateModified":"2021-10-27T10:11:52+00:00","description":"Empresa de mobil homes a Sant Fruit\u00f3s de Bages (Barcelona) amb una \u00e0mplia experi\u00e8ncia de m\u00e9s de 30 anys en la fabricaci\u00f3 d'habitatges m\u00f2bils","breadcrumb":{"@id":"https:\/\/www.jazzmobil.com\/ca\/empresa-mobil-homes\/#breadcrumb"},"inLanguage":"ca","potentialAction":[{"@type":"ReadAction","target":["https:\/\/www.jazzmobil.com\/ca\/empresa-mobil-homes\/"]}]},{"@type":"BreadcrumbList","@id":"https:\/\/www.jazzmobil.com\/ca\/empresa-mobil-homes\/#breadcrumb","itemListElement":[{"@type":"ListItem","position":1,"name":"Inici","item":"https:\/\/www.jazzmobil.com\/ca\/"},{"@type":"ListItem","position":2,"name":"La nostra empresa"}]},{"@type":"WebSite","@id":"https:\/\/www.jazzmobil.com\/ca\/#website","url":"https:\/\/www.jazzmobil.com\/ca\/","name":"Jazz Mobil","description":"Un altre lloc gestionat amb el WordPress","potentialAction":[{"@type":"SearchAction","target":{"@type":"EntryPoint","urlTemplate":"https:\/\/www.jazzmobil.com\/ca\/?s={search_term_string}"},"query-input":"required name=search_term_string"}],"inLanguage":"ca"}]}},"_links":{"self":[{"href":"https:\/\/www.jazzmobil.com\/ca\/wp-json\/wp\/v2\/pages\/1272","targetHints":{"allow":["GET"]}}],"collection":[{"href":"https:\/\/www.jazzmobil.com\/ca\/wp-json\/wp\/v2\/pages"}],"about":[{"href":"https:\/\/www.jazzmobil.com\/ca\/wp-json\/wp\/v2\/types\/page"}],"author":[{"embeddable":true,"href":"https:\/\/www.jazzmobil.com\/ca\/wp-json\/wp\/v2\/users\/1"}],"replies":[{"embeddable":true,"href":"https:\/\/www.jazzmobil.com\/ca\/wp-json\/wp\/v2\/comments?post=1272"}],"version-history":[{"count":1,"href":"https:\/\/www.jazzmobil.com\/ca\/wp-json\/wp\/v2\/pages\/1272\/revisions"}],"predecessor-version":[{"id":1274,"href":"https:\/\/www.jazzmobil.com\/ca\/wp-json\/wp\/v2\/pages\/1272\/revisions\/1274"}],"wp:attachment":[{"href":"https:\/\/www.jazzmobil.com\/ca\/wp-json\/wp\/v2\/media?parent=1272"}],"curies":[{"name":"wp","href":"https:\/\/api.w.org\/{rel}","templated":true}]}}