{"id":1266,"date":"2021-10-11T12:08:33","date_gmt":"2021-10-11T10:08:33","guid":{"rendered":"https:\/\/www.jazzmobil.com\/casas-prefabricadas-personalizadas\/"},"modified":"2021-11-04T17:33:05","modified_gmt":"2021-11-04T15:33:05","slug":"cases-prefabricades-personalitzades","status":"publish","type":"page","link":"https:\/\/www.jazzmobil.com\/ca\/cases-prefabricades-personalitzades\/","title":{"rendered":"Altres construccions"},"content":{"rendered":"","protected":false},"excerpt":{"rendered":"","protected":false},"author":1,"featured_media":0,"parent":0,"menu_order":0,"comment_status":"closed","ping_status":"closed","template":"","meta":{"footnotes":""},"class_list":["post-1266","page","type-page","status-publish","hentry"],"acf":[],"yoast_head":"<!-- This site is optimized with the Yoast SEO plugin v21.8.1 - https:\/\/yoast.com\/wordpress\/plugins\/seo\/ -->\n<title>Cases prefabricades personalitzades (Altres construccions) - Jazz Mobil<\/title>\n<meta name=\"description\" content=\"Gr\u00e0cies a la nostra experi\u00e8ncia adquirida despr\u00e9s de molts anys dedicats a la fabricaci\u00f3 d&#039;habitatges m\u00f2bils, cases prefabricades, etc.,\" \/>\n<meta name=\"robots\" content=\"index, follow, max-snippet:-1, max-image-preview:large, max-video-preview:-1\" \/>\n<link rel=\"canonical\" href=\"https:\/\/www.jazzmobil.com\/ca\/cases-prefabricades-personalitzades\/\" \/>\n<meta property=\"og:locale\" content=\"ca_ES\" \/>\n<meta property=\"og:type\" content=\"article\" \/>\n<meta property=\"og:title\" content=\"Cases prefabricades personalitzades (Altres construccions) - Jazz Mobil\" \/>\n<meta property=\"og:description\" content=\"Gr\u00e0cies a la nostra experi\u00e8ncia adquirida despr\u00e9s de molts anys dedicats a la fabricaci\u00f3 d&#039;habitatges m\u00f2bils, cases prefabricades, etc.,\" \/>\n<meta property=\"og:url\" content=\"https:\/\/www.jazzmobil.com\/ca\/cases-prefabricades-personalitzades\/\" \/>\n<meta property=\"og:site_name\" content=\"Jazz Mobil\" \/>\n<meta property=\"article:modified_time\" content=\"2021-11-04T15:33:05+00:00\" \/>\n<meta name=\"twitter:card\" content=\"summary_large_image\" \/>\n<script type=\"application\/ld+json\" class=\"yoast-schema-graph\">{\"@context\":\"https:\/\/schema.org\",\"@graph\":[{\"@type\":\"WebPage\",\"@id\":\"https:\/\/www.jazzmobil.com\/ca\/cases-prefabricades-personalitzades\/\",\"url\":\"https:\/\/www.jazzmobil.com\/ca\/cases-prefabricades-personalitzades\/\",\"name\":\"Cases prefabricades personalitzades (Altres construccions) - Jazz Mobil\",\"isPartOf\":{\"@id\":\"https:\/\/www.jazzmobil.com\/ca\/#website\"},\"datePublished\":\"2021-10-11T10:08:33+00:00\",\"dateModified\":\"2021-11-04T15:33:05+00:00\",\"description\":\"Gr\u00e0cies a la nostra experi\u00e8ncia adquirida despr\u00e9s de molts anys dedicats a la fabricaci\u00f3 d'habitatges m\u00f2bils, cases prefabricades, etc.,\",\"breadcrumb\":{\"@id\":\"https:\/\/www.jazzmobil.com\/ca\/cases-prefabricades-personalitzades\/#breadcrumb\"},\"inLanguage\":\"ca\",\"potentialAction\":[{\"@type\":\"ReadAction\",\"target\":[\"https:\/\/www.jazzmobil.com\/ca\/cases-prefabricades-personalitzades\/\"]}]},{\"@type\":\"BreadcrumbList\",\"@id\":\"https:\/\/www.jazzmobil.com\/ca\/cases-prefabricades-personalitzades\/#breadcrumb\",\"itemListElement\":[{\"@type\":\"ListItem\",\"position\":1,\"name\":\"Inici\",\"item\":\"https:\/\/www.jazzmobil.com\/ca\/\"},{\"@type\":\"ListItem\",\"position\":2,\"name\":\"Altres construccions\"}]},{\"@type\":\"WebSite\",\"@id\":\"https:\/\/www.jazzmobil.com\/ca\/#website\",\"url\":\"https:\/\/www.jazzmobil.com\/ca\/\",\"name\":\"Jazz Mobil\",\"description\":\"Un altre lloc gestionat amb el WordPress\",\"potentialAction\":[{\"@type\":\"SearchAction\",\"target\":{\"@type\":\"EntryPoint\",\"urlTemplate\":\"https:\/\/www.jazzmobil.com\/ca\/?s={search_term_string}\"},\"query-input\":\"required name=search_term_string\"}],\"inLanguage\":\"ca\"}]}<\/script>\n<!-- \/ Yoast SEO plugin. -->","yoast_head_json":{"title":"Cases prefabricades personalitzades (Altres construccions) - Jazz Mobil","description":"Gr\u00e0cies a la nostra experi\u00e8ncia adquirida despr\u00e9s de molts anys dedicats a la fabricaci\u00f3 d'habitatges m\u00f2bils, cases prefabricades, etc.,","robots":{"index":"index","follow":"follow","max-snippet":"max-snippet:-1","max-image-preview":"max-image-preview:large","max-video-preview":"max-video-preview:-1"},"canonical":"https:\/\/www.jazzmobil.com\/ca\/cases-prefabricades-personalitzades\/","og_locale":"ca_ES","og_type":"article","og_title":"Cases prefabricades personalitzades (Altres construccions) - Jazz Mobil","og_description":"Gr\u00e0cies a la nostra experi\u00e8ncia adquirida despr\u00e9s de molts anys dedicats a la fabricaci\u00f3 d'habitatges m\u00f2bils, cases prefabricades, etc.,","og_url":"https:\/\/www.jazzmobil.com\/ca\/cases-prefabricades-personalitzades\/","og_site_name":"Jazz Mobil","article_modified_time":"2021-11-04T15:33:05+00:00","twitter_card":"summary_large_image","schema":{"@context":"https:\/\/schema.org","@graph":[{"@type":"WebPage","@id":"https:\/\/www.jazzmobil.com\/ca\/cases-prefabricades-personalitzades\/","url":"https:\/\/www.jazzmobil.com\/ca\/cases-prefabricades-personalitzades\/","name":"Cases prefabricades personalitzades (Altres construccions) - Jazz Mobil","isPartOf":{"@id":"https:\/\/www.jazzmobil.com\/ca\/#website"},"datePublished":"2021-10-11T10:08:33+00:00","dateModified":"2021-11-04T15:33:05+00:00","description":"Gr\u00e0cies a la nostra experi\u00e8ncia adquirida despr\u00e9s de molts anys dedicats a la fabricaci\u00f3 d'habitatges m\u00f2bils, cases prefabricades, etc.,","breadcrumb":{"@id":"https:\/\/www.jazzmobil.com\/ca\/cases-prefabricades-personalitzades\/#breadcrumb"},"inLanguage":"ca","potentialAction":[{"@type":"ReadAction","target":["https:\/\/www.jazzmobil.com\/ca\/cases-prefabricades-personalitzades\/"]}]},{"@type":"BreadcrumbList","@id":"https:\/\/www.jazzmobil.com\/ca\/cases-prefabricades-personalitzades\/#breadcrumb","itemListElement":[{"@type":"ListItem","position":1,"name":"Inici","item":"https:\/\/www.jazzmobil.com\/ca\/"},{"@type":"ListItem","position":2,"name":"Altres construccions"}]},{"@type":"WebSite","@id":"https:\/\/www.jazzmobil.com\/ca\/#website","url":"https:\/\/www.jazzmobil.com\/ca\/","name":"Jazz Mobil","description":"Un altre lloc gestionat amb el WordPress","potentialAction":[{"@type":"SearchAction","target":{"@type":"EntryPoint","urlTemplate":"https:\/\/www.jazzmobil.com\/ca\/?s={search_term_string}"},"query-input":"required name=search_term_string"}],"inLanguage":"ca"}]}},"_links":{"self":[{"href":"https:\/\/www.jazzmobil.com\/ca\/wp-json\/wp\/v2\/pages\/1266","targetHints":{"allow":["GET"]}}],"collection":[{"href":"https:\/\/www.jazzmobil.com\/ca\/wp-json\/wp\/v2\/pages"}],"about":[{"href":"https:\/\/www.jazzmobil.com\/ca\/wp-json\/wp\/v2\/types\/page"}],"author":[{"embeddable":true,"href":"https:\/\/www.jazzmobil.com\/ca\/wp-json\/wp\/v2\/users\/1"}],"replies":[{"embeddable":true,"href":"https:\/\/www.jazzmobil.com\/ca\/wp-json\/wp\/v2\/comments?post=1266"}],"version-history":[{"count":2,"href":"https:\/\/www.jazzmobil.com\/ca\/wp-json\/wp\/v2\/pages\/1266\/revisions"}],"predecessor-version":[{"id":1601,"href":"https:\/\/www.jazzmobil.com\/ca\/wp-json\/wp\/v2\/pages\/1266\/revisions\/1601"}],"wp:attachment":[{"href":"https:\/\/www.jazzmobil.com\/ca\/wp-json\/wp\/v2\/media?parent=1266"}],"curies":[{"name":"wp","href":"https:\/\/api.w.org\/{rel}","templated":true}]}}